{"id":2377,"date":"2023-10-19T07:23:48","date_gmt":"2023-10-19T07:23:48","guid":{"rendered":"https:\/\/www.saarehotell.ee\/?page_id=2377"},"modified":"2024-03-22T12:04:05","modified_gmt":"2024-03-22T12:04:05","slug":"grants","status":"publish","type":"page","link":"https:\/\/www.saarehotell.ee\/en\/grants\/","title":{"rendered":"Grants"},"content":{"rendered":"\t\t<div data-elementor-type=\"wp-page\" data-elementor-id=\"2377\" class=\"elementor elementor-2377 elementor-2376\" data-elementor-post-type=\"page\">\n\t\t\t\t<div class=\"elementor-element elementor-element-3f3c0b8 e-flex e-con-boxed e-con e-parent\" data-id=\"3f3c0b8\" data-element_type=\"container\" data-settings=\"{&quot;background_background&quot;:&quot;classic&quot;}\">\n\t\t\t\t\t<div class=\"e-con-inner\">\n\t\t\t\t<div class=\"elementor-element elementor-element-142ce56 elementor-widget elementor-widget-heading\" data-id=\"142ce56\" data-element_type=\"widget\" data-widget_type=\"heading.default\">\n\t\t\t\t<div class=\"elementor-widget-container\">\n\t\t\t\t\t<h2 class=\"elementor-heading-title elementor-size-default\">Grants<\/h2>\t\t\t\t<\/div>\n\t\t\t\t<\/div>\n\t\t\t\t\t<\/div>\n\t\t\t\t<\/div>\n\t\t<div class=\"elementor-element elementor-element-4374883 e-grid e-con-boxed e-con e-parent\" data-id=\"4374883\" data-element_type=\"container\" data-settings=\"{&quot;background_background&quot;:&quot;classic&quot;}\">\n\t\t\t\t\t<div class=\"e-con-inner\">\n\t\t\t\t<div class=\"elementor-element elementor-element-193e5c9 elementor-widget elementor-widget-heading\" data-id=\"193e5c9\" data-element_type=\"widget\" data-widget_type=\"heading.default\">\n\t\t\t\t<div class=\"elementor-widget-container\">\n\t\t\t\t\t<h4 class=\"elementor-heading-title elementor-size-default\">\nThe website creation was supported by the LEADER program's strategy measure 4 \u2013 dealing with the impact of the COVID-19 crisis in the action area through the local action group MT\u00dc Saarte Koost\u00f6\u00f6kogu.<\/h4>\t\t\t\t<\/div>\n\t\t\t\t<\/div>\n\t\t<div class=\"elementor-element elementor-element-f66f691 e-flex e-con-boxed e-con e-child\" data-id=\"f66f691\" data-element_type=\"container\">\n\t\t\t\t\t<div class=\"e-con-inner\">\n\t\t\t\t<div class=\"elementor-element elementor-element-d10f329 elementor-widget elementor-widget-image\" data-id=\"d10f329\" data-element_type=\"widget\" data-widget_type=\"image.default\">\n\t\t\t\t<div class=\"elementor-widget-container\">\n\t\t\t\t\t\t\t\t\t\t\t\t\t\t\t<img fetchpriority=\"high\" decoding=\"async\" width=\"1024\" height=\"284\" src=\"https:\/\/www.saarehotell.ee\/wp-content\/uploads\/2024\/03\/leader-logo-horizontal-1-1024x284.png\" class=\"attachment-large size-large wp-image-2953\" alt=\"\" srcset=\"https:\/\/www.saarehotell.ee\/wp-content\/uploads\/2024\/03\/leader-logo-horizontal-1-1024x284.png 1024w, https:\/\/www.saarehotell.ee\/wp-content\/uploads\/2024\/03\/leader-logo-horizontal-1-300x83.png 300w, https:\/\/www.saarehotell.ee\/wp-content\/uploads\/2024\/03\/leader-logo-horizontal-1-768x213.png 768w, https:\/\/www.saarehotell.ee\/wp-content\/uploads\/2024\/03\/leader-logo-horizontal-1.png 1440w\" sizes=\"(max-width: 1024px) 100vw, 1024px\" \/>\t\t\t\t\t\t\t\t\t\t\t\t\t\t\t<\/div>\n\t\t\t\t<\/div>\n\t\t\t\t<div class=\"elementor-element elementor-element-67707c8 elementor-widget elementor-widget-image\" data-id=\"67707c8\" data-element_type=\"widget\" data-widget_type=\"image.default\">\n\t\t\t\t<div class=\"elementor-widget-container\">\n\t\t\t\t\t\t\t\t\t\t\t\t\t\t\t<img decoding=\"async\" width=\"725\" height=\"160\" src=\"https:\/\/www.saarehotell.ee\/wp-content\/uploads\/2024\/03\/skk_logo-1.png\" class=\"attachment-large size-large wp-image-2971\" alt=\"\" srcset=\"https:\/\/www.saarehotell.ee\/wp-content\/uploads\/2024\/03\/skk_logo-1.png 725w, https:\/\/www.saarehotell.ee\/wp-content\/uploads\/2024\/03\/skk_logo-1-300x66.png 300w\" sizes=\"(max-width: 725px) 100vw, 725px\" \/>\t\t\t\t\t\t\t\t\t\t\t\t\t\t\t<\/div>\n\t\t\t\t<\/div>\n\t\t\t\t\t<\/div>\n\t\t\t\t<\/div>\n\t\t\t\t\t<\/div>\n\t\t\t\t<\/div>\n\t\t<div class=\"elementor-element elementor-element-9700e49 e-grid e-con-boxed e-con e-parent\" data-id=\"9700e49\" data-element_type=\"container\" data-settings=\"{&quot;background_background&quot;:&quot;gradient&quot;}\">\n\t\t\t\t\t<div class=\"e-con-inner\">\n\t\t\t\t<div class=\"elementor-element elementor-element-785e000 elementor-widget__width-auto elementor-widget elementor-widget-image\" data-id=\"785e000\" data-element_type=\"widget\" data-widget_type=\"image.default\">\n\t\t\t\t<div class=\"elementor-widget-container\">\n\t\t\t\t\t\t\t\t\t\t\t\t\t\t\t<img decoding=\"async\" width=\"897\" height=\"261\" src=\"https:\/\/www.saarehotell.ee\/wp-content\/uploads\/2024\/03\/EAS_SF_RGB_ENG-1.png\" class=\"attachment-large size-large wp-image-2957\" alt=\"\" srcset=\"https:\/\/www.saarehotell.ee\/wp-content\/uploads\/2024\/03\/EAS_SF_RGB_ENG-1.png 897w, https:\/\/www.saarehotell.ee\/wp-content\/uploads\/2024\/03\/EAS_SF_RGB_ENG-1-300x87.png 300w, https:\/\/www.saarehotell.ee\/wp-content\/uploads\/2024\/03\/EAS_SF_RGB_ENG-1-768x223.png 768w\" sizes=\"(max-width: 897px) 100vw, 897px\" \/>\t\t\t\t\t\t\t\t\t\t\t\t\t\t\t<\/div>\n\t\t\t\t<\/div>\n\t\t<div class=\"elementor-element elementor-element-e0324c1 e-con-full e-flex e-con e-child\" data-id=\"e0324c1\" data-element_type=\"container\">\n\t\t\t\t<div class=\"elementor-element elementor-element-4798cfb elementor-widget elementor-widget-heading\" data-id=\"4798cfb\" data-element_type=\"widget\" data-widget_type=\"heading.default\">\n\t\t\t\t<div class=\"elementor-widget-container\">\n\t\t\t\t\t<h3 class=\"elementor-heading-title elementor-size-default\">Tourism Sector Product Development Grant<\/h3>\t\t\t\t<\/div>\n\t\t\t\t<\/div>\n\t\t\t\t<div class=\"elementor-element elementor-element-93fa806 elementor-widget elementor-widget-text-editor\" data-id=\"93fa806\" data-element_type=\"widget\" data-widget_type=\"text-editor.default\">\n\t\t\t\t<div class=\"elementor-widget-container\">\n\t\t\t\t\t\t\t\t\t<p>In 2022, Saare Hotelli Varade O\u00dc began the renovation of our hotel\u2019s sauna area with the support of the \u201cTourism Sector Product Development Grant\u201d program, funded as part of the EU\u2019s response to the COVID-19 pandemic. The construction of our genuine Saaremaa saunas will be completed by autumn 2023.<\/p>\n<p>The project received funding in the amount of 166,600 euros.<\/p>\n<p>Authentic Saaremaa Saunas will be a new sauna center on Saaremaa, where the story of Saaremaa saunas is told, traditions are introduced, and visitors can learn to make sauna products from local materials and enjoy the sauna experience with their families. The saunas will be open year-round to both hotel guests and visitors from outside. They will feature steam saunas, aroma saunas, a children\u2019s pool, and relaxation areas. Each sauna will have its unique story and sauna bathing traditions. Alongside the sauna experience, we will also offer food and drinks.<\/p>\t\t\t\t\t\t\t\t<\/div>\n\t\t\t\t<\/div>\n\t\t\t\t<\/div>\n\t\t<div class=\"elementor-element elementor-element-b15e5ac e-con-full e-flex e-con e-child\" data-id=\"b15e5ac\" data-element_type=\"container\">\n\t\t\t\t<div class=\"elementor-element elementor-element-7fd318b elementor-widget elementor-widget-heading\" data-id=\"7fd318b\" data-element_type=\"widget\" data-widget_type=\"heading.default\">\n\t\t\t\t<div class=\"elementor-widget-container\">\n\t\t\t\t\t<h3 class=\"elementor-heading-title elementor-size-default\">Hotel Saaremaa Business Model Transformation<\/h3>\t\t\t\t<\/div>\n\t\t\t\t<\/div>\n\t\t\t\t<div class=\"elementor-element elementor-element-d896202 elementor-widget elementor-widget-text-editor\" data-id=\"d896202\" data-element_type=\"widget\" data-widget_type=\"text-editor.default\">\n\t\t\t\t<div class=\"elementor-widget-container\">\n\t\t\t\t\t\t\t\t\t<p>In the spring of 2021, Saare Hotell O\u00dc initiated a refurbishment program for Saaremaa Beach Hotel, supported by the \u201cHotel Saaremaa Business Model Transformation\u201d initiative. During the project, family rooms were updated, and the hotel\u2019s lobby area received a fresh and more contemporary look.<\/p>\n<p>The project received funding in the amount of 192,000 euros, with the aim of expanding the family customer segment through the introduction of new comfortable family rooms and additional services. In response to the changing market conditions, we are exploring opportunities to expand into target markets in Asian countries and make the hotel\u2019s services more user-friendly for various customer groups.<\/p>\t\t\t\t\t\t\t\t<\/div>\n\t\t\t\t<\/div>\n\t\t\t\t<\/div>\n\t\t\t\t\t<\/div>\n\t\t\t\t<\/div>\n\t\t\t\t<\/div>\n\t\t","protected":false},"excerpt":{"rendered":"<p>Grants The website creation was supported by the LEADER program&#8217;s strategy measure 4 \u2013 dealing with the impact of the COVID-19 crisis in the action area through the local action group MT\u00dc Saarte Koost\u00f6\u00f6kogu. Tourism Sector Product Development Grant In 2022, Saare Hotelli Varade O\u00dc began the renovation of our hotel\u2019s sauna area with the [&hellip;]<\/p>\n","protected":false},"author":8,"featured_media":0,"parent":0,"menu_order":0,"comment_status":"closed","ping_status":"closed","template":"elementor_header_footer","meta":{"inline_featured_image":false,"footnotes":""},"class_list":["post-2377","page","type-page","status-publish","hentry"],"yoast_head":"<!-- This site is optimized with the Yoast SEO plugin v26.8 - https:\/\/yoast.com\/product\/yoast-seo-wordpress\/ -->\n<title>Grants - Saarehotell<\/title>\n<meta name=\"robots\" content=\"index, follow, max-snippet:-1, max-image-preview:large, max-video-preview:-1\" \/>\n<link rel=\"canonical\" href=\"https:\/\/www.saarehotell.ee\/en\/grants\/\" \/>\n<meta property=\"og:locale\" content=\"en_US\" \/>\n<meta property=\"og:type\" content=\"article\" \/>\n<meta property=\"og:title\" content=\"Grants - Saarehotell\" \/>\n<meta property=\"og:description\" content=\"Grants The website creation was supported by the LEADER program&#8217;s strategy measure 4 \u2013 dealing with the impact of the COVID-19 crisis in the action area through the local action group MT\u00dc Saarte Koost\u00f6\u00f6kogu. Tourism Sector Product Development Grant In 2022, Saare Hotelli Varade O\u00dc began the renovation of our hotel\u2019s sauna area with the [&hellip;]\" \/>\n<meta property=\"og:url\" content=\"https:\/\/www.saarehotell.ee\/en\/grants\/\" \/>\n<meta property=\"og:site_name\" content=\"Saarehotell\" \/>\n<meta property=\"article:publisher\" content=\"https:\/\/www.facebook.com\/HotellSaaremaa\" \/>\n<meta property=\"article:modified_time\" content=\"2024-03-22T12:04:05+00:00\" \/>\n<meta property=\"og:image\" content=\"https:\/\/www.saarehotell.ee\/wp-content\/uploads\/2024\/03\/leader-logo-horizontal-1-1024x284.png\" \/>\n<meta name=\"twitter:card\" content=\"summary_large_image\" \/>\n<meta name=\"twitter:label1\" content=\"Est. reading time\" \/>\n\t<meta name=\"twitter:data1\" content=\"2 minutes\" \/>\n<script type=\"application\/ld+json\" class=\"yoast-schema-graph\">{\"@context\":\"https:\/\/schema.org\",\"@graph\":[{\"@type\":\"WebPage\",\"@id\":\"https:\/\/www.saarehotell.ee\/en\/grants\/\",\"url\":\"https:\/\/www.saarehotell.ee\/en\/grants\/\",\"name\":\"Grants - Saarehotell\",\"isPartOf\":{\"@id\":\"https:\/\/www.saarehotell.ee\/#website\"},\"primaryImageOfPage\":{\"@id\":\"https:\/\/www.saarehotell.ee\/en\/grants\/#primaryimage\"},\"image\":{\"@id\":\"https:\/\/www.saarehotell.ee\/en\/grants\/#primaryimage\"},\"thumbnailUrl\":\"https:\/\/www.saarehotell.ee\/wp-content\/uploads\/2024\/03\/leader-logo-horizontal-1-1024x284.png\",\"datePublished\":\"2023-10-19T07:23:48+00:00\",\"dateModified\":\"2024-03-22T12:04:05+00:00\",\"breadcrumb\":{\"@id\":\"https:\/\/www.saarehotell.ee\/en\/grants\/#breadcrumb\"},\"inLanguage\":\"en-US\",\"potentialAction\":[{\"@type\":\"ReadAction\",\"target\":[\"https:\/\/www.saarehotell.ee\/en\/grants\/\"]}]},{\"@type\":\"ImageObject\",\"inLanguage\":\"en-US\",\"@id\":\"https:\/\/www.saarehotell.ee\/en\/grants\/#primaryimage\",\"url\":\"https:\/\/www.saarehotell.ee\/wp-content\/uploads\/2024\/03\/leader-logo-horizontal-1-1024x284.png\",\"contentUrl\":\"https:\/\/www.saarehotell.ee\/wp-content\/uploads\/2024\/03\/leader-logo-horizontal-1-1024x284.png\"},{\"@type\":\"BreadcrumbList\",\"@id\":\"https:\/\/www.saarehotell.ee\/en\/grants\/#breadcrumb\",\"itemListElement\":[{\"@type\":\"ListItem\",\"position\":1,\"name\":\"Home\",\"item\":\"https:\/\/www.saarehotell.ee\/en\/\"},{\"@type\":\"ListItem\",\"position\":2,\"name\":\"Grants\"}]},{\"@type\":\"WebSite\",\"@id\":\"https:\/\/www.saarehotell.ee\/#website\",\"url\":\"https:\/\/www.saarehotell.ee\/\",\"name\":\"Saarehotell\",\"description\":\"Spaahotell Saaremaal\",\"publisher\":{\"@id\":\"https:\/\/www.saarehotell.ee\/#organization\"},\"potentialAction\":[{\"@type\":\"SearchAction\",\"target\":{\"@type\":\"EntryPoint\",\"urlTemplate\":\"https:\/\/www.saarehotell.ee\/?s={search_term_string}\"},\"query-input\":{\"@type\":\"PropertyValueSpecification\",\"valueRequired\":true,\"valueName\":\"search_term_string\"}}],\"inLanguage\":\"en-US\"},{\"@type\":\"Organization\",\"@id\":\"https:\/\/www.saarehotell.ee\/#organization\",\"name\":\"Saarehotell\",\"url\":\"https:\/\/www.saarehotell.ee\/\",\"logo\":{\"@type\":\"ImageObject\",\"inLanguage\":\"en-US\",\"@id\":\"https:\/\/www.saarehotell.ee\/#\/schema\/logo\/image\/\",\"url\":\"https:\/\/www.saarehotell.ee\/wp-content\/uploads\/2023\/09\/saarehotell__.png\",\"contentUrl\":\"https:\/\/www.saarehotell.ee\/wp-content\/uploads\/2023\/09\/saarehotell__.png\",\"width\":311,\"height\":145,\"caption\":\"Saarehotell\"},\"image\":{\"@id\":\"https:\/\/www.saarehotell.ee\/#\/schema\/logo\/image\/\"},\"sameAs\":[\"https:\/\/www.facebook.com\/HotellSaaremaa\",\"https:\/\/www.instagram.com\/saaremaarannahotell\/\"]}]}<\/script>\n<!-- \/ Yoast SEO plugin. -->","yoast_head_json":{"title":"Grants - Saarehotell","robots":{"index":"index","follow":"follow","max-snippet":"max-snippet:-1","max-image-preview":"max-image-preview:large","max-video-preview":"max-video-preview:-1"},"canonical":"https:\/\/www.saarehotell.ee\/en\/grants\/","og_locale":"en_US","og_type":"article","og_title":"Grants - Saarehotell","og_description":"Grants The website creation was supported by the LEADER program&#8217;s strategy measure 4 \u2013 dealing with the impact of the COVID-19 crisis in the action area through the local action group MT\u00dc Saarte Koost\u00f6\u00f6kogu. Tourism Sector Product Development Grant In 2022, Saare Hotelli Varade O\u00dc began the renovation of our hotel\u2019s sauna area with the [&hellip;]","og_url":"https:\/\/www.saarehotell.ee\/en\/grants\/","og_site_name":"Saarehotell","article_publisher":"https:\/\/www.facebook.com\/HotellSaaremaa","article_modified_time":"2024-03-22T12:04:05+00:00","og_image":[{"url":"https:\/\/www.saarehotell.ee\/wp-content\/uploads\/2024\/03\/leader-logo-horizontal-1-1024x284.png","type":"","width":"","height":""}],"twitter_card":"summary_large_image","twitter_misc":{"Est. reading time":"2 minutes"},"schema":{"@context":"https:\/\/schema.org","@graph":[{"@type":"WebPage","@id":"https:\/\/www.saarehotell.ee\/en\/grants\/","url":"https:\/\/www.saarehotell.ee\/en\/grants\/","name":"Grants - Saarehotell","isPartOf":{"@id":"https:\/\/www.saarehotell.ee\/#website"},"primaryImageOfPage":{"@id":"https:\/\/www.saarehotell.ee\/en\/grants\/#primaryimage"},"image":{"@id":"https:\/\/www.saarehotell.ee\/en\/grants\/#primaryimage"},"thumbnailUrl":"https:\/\/www.saarehotell.ee\/wp-content\/uploads\/2024\/03\/leader-logo-horizontal-1-1024x284.png","datePublished":"2023-10-19T07:23:48+00:00","dateModified":"2024-03-22T12:04:05+00:00","breadcrumb":{"@id":"https:\/\/www.saarehotell.ee\/en\/grants\/#breadcrumb"},"inLanguage":"en-US","potentialAction":[{"@type":"ReadAction","target":["https:\/\/www.saarehotell.ee\/en\/grants\/"]}]},{"@type":"ImageObject","inLanguage":"en-US","@id":"https:\/\/www.saarehotell.ee\/en\/grants\/#primaryimage","url":"https:\/\/www.saarehotell.ee\/wp-content\/uploads\/2024\/03\/leader-logo-horizontal-1-1024x284.png","contentUrl":"https:\/\/www.saarehotell.ee\/wp-content\/uploads\/2024\/03\/leader-logo-horizontal-1-1024x284.png"},{"@type":"BreadcrumbList","@id":"https:\/\/www.saarehotell.ee\/en\/grants\/#breadcrumb","itemListElement":[{"@type":"ListItem","position":1,"name":"Home","item":"https:\/\/www.saarehotell.ee\/en\/"},{"@type":"ListItem","position":2,"name":"Grants"}]},{"@type":"WebSite","@id":"https:\/\/www.saarehotell.ee\/#website","url":"https:\/\/www.saarehotell.ee\/","name":"Saarehotell","description":"Spaahotell Saaremaal","publisher":{"@id":"https:\/\/www.saarehotell.ee\/#organization"},"potentialAction":[{"@type":"SearchAction","target":{"@type":"EntryPoint","urlTemplate":"https:\/\/www.saarehotell.ee\/?s={search_term_string}"},"query-input":{"@type":"PropertyValueSpecification","valueRequired":true,"valueName":"search_term_string"}}],"inLanguage":"en-US"},{"@type":"Organization","@id":"https:\/\/www.saarehotell.ee\/#organization","name":"Saarehotell","url":"https:\/\/www.saarehotell.ee\/","logo":{"@type":"ImageObject","inLanguage":"en-US","@id":"https:\/\/www.saarehotell.ee\/#\/schema\/logo\/image\/","url":"https:\/\/www.saarehotell.ee\/wp-content\/uploads\/2023\/09\/saarehotell__.png","contentUrl":"https:\/\/www.saarehotell.ee\/wp-content\/uploads\/2023\/09\/saarehotell__.png","width":311,"height":145,"caption":"Saarehotell"},"image":{"@id":"https:\/\/www.saarehotell.ee\/#\/schema\/logo\/image\/"},"sameAs":["https:\/\/www.facebook.com\/HotellSaaremaa","https:\/\/www.instagram.com\/saaremaarannahotell\/"]}]}},"_links":{"self":[{"href":"https:\/\/www.saarehotell.ee\/en\/wp-json\/wp\/v2\/pages\/2377","targetHints":{"allow":["GET"]}}],"collection":[{"href":"https:\/\/www.saarehotell.ee\/en\/wp-json\/wp\/v2\/pages"}],"about":[{"href":"https:\/\/www.saarehotell.ee\/en\/wp-json\/wp\/v2\/types\/page"}],"author":[{"embeddable":true,"href":"https:\/\/www.saarehotell.ee\/en\/wp-json\/wp\/v2\/users\/8"}],"replies":[{"embeddable":true,"href":"https:\/\/www.saarehotell.ee\/en\/wp-json\/wp\/v2\/comments?post=2377"}],"version-history":[{"count":19,"href":"https:\/\/www.saarehotell.ee\/en\/wp-json\/wp\/v2\/pages\/2377\/revisions"}],"predecessor-version":[{"id":2980,"href":"https:\/\/www.saarehotell.ee\/en\/wp-json\/wp\/v2\/pages\/2377\/revisions\/2980"}],"wp:attachment":[{"href":"https:\/\/www.saarehotell.ee\/en\/wp-json\/wp\/v2\/media?parent=2377"}],"curies":[{"name":"wp","href":"https:\/\/api.w.org\/{rel}","templated":true}]}}